{"id":3381,"date":"2024-02-08T21:09:25","date_gmt":"2024-02-08T20:09:25","guid":{"rendered":"https:\/\/kind-johnson.89-22-123-15.plesk.page\/index.php\/produkt\/bittermagic-biogena\/"},"modified":"2026-02-13T16:25:44","modified_gmt":"2026-02-13T15:25:44","slug":"bittermagic-biogena","status":"publish","type":"product","link":"https:\/\/www.hautquartier.com\/produkt\/bittermagic-biogena\/","title":{"rendered":"BitterMagic\u00ae &#8211; Biogena"},"content":{"rendered":"<header>BESCHREIBUNG<\/header>\n<p>Die Verwendung von Amara (Bitterpflanzen) als Magenbitter bei \u00fcppigen Mahlzeiten hat in verschiedensten Kulturen Tradition. F\u00fcr all jene, denen Bitterstoffe nicht schmecken, die aber dennoch nicht auf diese vorz\u00fcglichen Pflanzenstoffe verzichten m\u00f6chten, ist BitterMagic\u00ae die magische Alternative. Die in den Kapseln \u201eversteckten\u201c bitteren Pflanzenstoffe entfalten sich erst au\u00dferhalb des Mundbereichs. Dies ist besonders interessant, da neueste wissenschaftliche Studien zeigen, dass die spezifischen Rezeptoren f\u00fcr Bitterstoffe in ganz verschiedenen K\u00f6rperregionen zu finden sind.<\/p>\n<p>&nbsp;<\/p>\n<header>INHALTSSTOFFE<\/header>\n<table id=\"ebd\">\n<tbody>\n<tr>\n<td align=\"left\"><b>Inhaltsstoffe<\/b><\/td>\n<td align=\"right\"><b>pro Kapsel<\/b><\/td>\n<td align=\"right\"><b>Tagesdosis 2 Kapseln<\/b><\/td>\n<\/tr>\n<tr>\n<td>Biogena BitterLeaves<sup>\u00ae<\/sup>-Blend (Artischockensaft-Pulver, Salbeiblatt-, Olivenblatt-Extrakt)<\/td>\n<td>200mg<\/td>\n<td>400mg<\/td>\n<\/tr>\n<tr>\n<td>daraus: Oleuropein<\/td>\n<td>8mg<\/td>\n<td>16mg<\/td>\n<\/tr>\n<tr>\n<td>daraus: Cynarin<\/td>\n<td>2mg<\/td>\n<td>5mg<\/td>\n<\/tr>\n<tr>\n<td>Biogena BitterFruits<sup>\u00ae<\/sup>-Blend (Fenchel-, Mariendistel-, Bittermelonen-Extrakt)<\/td>\n<td>150mg<\/td>\n<td>300mg<\/td>\n<\/tr>\n<tr>\n<td>daraus: Silymarin<\/td>\n<td>40mg<\/td>\n<td>80mg<\/td>\n<\/tr>\n<tr>\n<td>Biogena BitterRoots<sup>\u00ae<\/sup>-Blend (L\u00f6wenzahn-, Enzian-, Ingwer-Extrakt)<\/td>\n<td>80mg<\/td>\n<td>160mg<\/td>\n<\/tr>\n<tr>\n<td>daraus: Gingerol<\/td>\n<td>1mg<\/td>\n<td>2mg<\/td>\n<\/tr>\n<\/tbody>\n<\/table>\n<p>&nbsp;<\/p>\n<p><b>Zutaten<\/b><br \/>\nArtischockensaft-Pulver, Hydroxypropylmethylcellulose (Kapselh\u00fclle), Salbeiblatt-Extrakt, Fenchel-Extrakt, Mariendistel-Extrakt, F\u00fcllstoff: Cellulosepulver, Olivenblatt-Extrakt, Bittermelonen-Extrakt, L\u00f6wenzahn-Extrakt, Enzianwurzel-Extrakt, Ingwerwurzel-Extrakt.<\/p>\n<p><strong>Verzehrsempfehlung<\/strong><br \/>\nT\u00e4glich 2 Kapseln mit viel Fl\u00fcssigkeit verzehren.<\/p>\n<p>Nahrungserg\u00e4nzungsmittel: Die angegebene empfohlene t\u00e4gliche Verzehrsmenge darf nicht \u00fcberschritten werden. Kein Ersatz f\u00fcr eine ausgewogene und abwechslungsreiche Ern\u00e4hrung und eine gesunde Lebensweise. Kein Bio-Produkt gem\u00e4\u00df VO (EU) 2018\/848.<\/p>\n<p><strong>Reinsubstanzenprinzip:<\/strong><br \/>\nMikron\u00e4hrstoffe in reiner Form, der konsequente\u00a0Verzicht auf unn\u00f6tige Zusatzstoffe\u00a0wie zum Beispiel Farbstoffe,\u00a0Binde- und Trennmittel oder synthetische \u00dcberzugsmittel, bilden die Basis f\u00fcr die Rezepturen, die das Biogena-Wissenschaftsteam erstellt.<\/p>\n<p><strong>I&#8217;m green\u2122:<\/strong>\u00a0Unsere \u00d6ko-Dose inkl. Klappdeckelverschluss ist 100% Green Plastic\u00a0aus dem nachwachsenden pflanzlichen Rohstoff Zuckerrohr. Sie ist zu\u00a0<strong>100% recyclebar<\/strong>.\u00a0Leisten Sie mit Biogena\u00a0einen aktiven Beitrag zum Klimaschutz.<\/p>\n<p>F\u00fcr Diabetiker geeignet. Dargereichte Informationen sind keine Heilaussagen oder Aufforderungen zur Selbstmedikation. Etwaige Druck- und Satzfehler vorbehalten. Stand: 18.10.2021.<\/p>\n<p>&nbsp;<\/p>\n<h3>Inhalt:<\/h3>\n<p>120 Kapseln (Packung f\u00fcr 2 Monate), 64g<\/p>\n","protected":false},"excerpt":{"rendered":"<p>BitterMagic\u00ae<\/p>\n","protected":false},"featured_media":1290,"comment_status":"closed","ping_status":"closed","template":"","meta":[],"product_brand":[247],"product_cat":[34,99,104],"product_tag":[],"class_list":{"0":"post-3381","1":"product","2":"type-product","3":"status-publish","6":"product_brand-biogena","7":"product_cat-produkte","8":"product_cat-nahrungsergaenzungsmittel","9":"product_cat-biogena","11":"first","12":"instock","13":"taxable","14":"shipping-taxable","15":"purchasable","16":"product-type-simple"},"_links":{"self":[{"href":"https:\/\/www.hautquartier.com\/wp-json\/wp\/v2\/product\/3381","targetHints":{"allow":["GET"]}}],"collection":[{"href":"https:\/\/www.hautquartier.com\/wp-json\/wp\/v2\/product"}],"about":[{"href":"https:\/\/www.hautquartier.com\/wp-json\/wp\/v2\/types\/product"}],"replies":[{"embeddable":true,"href":"https:\/\/www.hautquartier.com\/wp-json\/wp\/v2\/comments?post=3381"}],"wp:featuredmedia":[{"embeddable":true,"href":"https:\/\/www.hautquartier.com\/wp-json\/wp\/v2\/media\/1290"}],"wp:attachment":[{"href":"https:\/\/www.hautquartier.com\/wp-json\/wp\/v2\/media?parent=3381"}],"wp:term":[{"taxonomy":"product_brand","embeddable":true,"href":"https:\/\/www.hautquartier.com\/wp-json\/wp\/v2\/product_brand?post=3381"},{"taxonomy":"product_cat","embeddable":true,"href":"https:\/\/www.hautquartier.com\/wp-json\/wp\/v2\/product_cat?post=3381"},{"taxonomy":"product_tag","embeddable":true,"href":"https:\/\/www.hautquartier.com\/wp-json\/wp\/v2\/product_tag?post=3381"}],"curies":[{"name":"wp","href":"https:\/\/api.w.org\/{rel}","templated":true}]}}