{"id":3570,"date":"2024-02-23T17:40:04","date_gmt":"2024-02-23T16:40:04","guid":{"rendered":"https:\/\/kind-johnson.89-22-123-15.plesk.page\/index.php\/produkt\/vitality-darm-elixier\/"},"modified":"2026-02-13T16:22:27","modified_gmt":"2026-02-13T15:22:27","slug":"vitality-darm-elixier","status":"publish","type":"product","link":"https:\/\/www.hautquartier.com\/produkt\/vitality-darm-elixier\/","title":{"rendered":"Vitality Darmelixier \/\/ 1000 ml"},"content":{"rendered":"<h2>24 Pflanzenstoffe f\u00fcr ein besseres Bauchgef\u00fchl<\/h2>\n<p>Sie f\u00fchlen sich m\u00fcde, schlapp und schlecht\u00a0gelaunt, Ihre Haut zeigt Pickel \u2013 Sie wollen sich\u00a0\u201erundum erneuern\u201c?<\/p>\n<p>Die optimale M\u00f6glichkeit, Schlackenstoffe\u00a0loszuwerden ist es, die k\u00f6rpereigenen\u00a0Entgiftungssysteme zu aktivieren.<\/p>\n<ul>\n<li>24 ausgew\u00e4hlte Pflanzen- und\u00a0Kr\u00e4uterextrakte<\/li>\n<li>31 nat\u00fcrliche Darmsymbionten<\/li>\n<li>Eine intakte Darmflora gibt keinen N\u00e4hrboden f\u00fcr G\u00e4rung und F\u00e4ulnis<\/li>\n<li>Unterst\u00fctzt die Vermehrung der \u201efreundlichen\u201c Darmbakterien<\/li>\n<li>Entfernt alte Nahrungsmittelreste<\/li>\n<\/ul>\n<h3><strong>Warum enth\u00e4lt Vitality Darmelixier Kr\u00e4uterausz\u00fcge?<\/strong><\/h3>\n<p>Die verwendeten Kr\u00e4uterextrakte enthalten nicht nur Vitamine,\u00a0Mineralstoffe und Spurenelemente, sondern vor allem pflanzliche Schutzstoffe \u2013 die sogenannten Flavonoide. Flavonoide werden in die Gruppe der Vitamin-\u00e4hnlichen Stoffe eingeordnet. Erst durch sie entfalten Vitamine \u00fcberhaupt ihre Wirkung, speziell ihre anti-oxidative Wirkung. Antioxidantien verhindern, dass aggressive freie Radikale im K\u00f6rper Schaden anrichten k\u00f6nnen.<\/p>\n<p>Unsere stressige Lebensweise und die Fehlern\u00e4hrung tragen\u00a0dazu bei, dass sich in unserem K\u00f6rper eine viel zu hohe\u00a0Konzentration an freien Radikalen bildet.<\/p>\n<h3><strong>Freie Radikale<\/strong><\/h3>\n<p>Durch sie kommt es in unserem K\u00f6rper zu einem Oxidationsvorgang, der \u00e4hnlich vor sich geht, wie wenn Metallteilchen rosten. Dass dies den Zellen schadet, versteht sich von\u00a0selbst.\u00a0Die Flavonoide jener Kr\u00e4uterextrakte, die Vitality Darmelixier enth\u00e4lt, sind in der Lage \u201efreie Radikale\u201c unsch\u00e4dlich zu machen und k\u00f6nnen so einen positiven Einfluss auf den Alterungsprozess nehmen.\u00a0Diese Pflanzenstoffe besitzen eine exzellente Bioverf\u00fcgbarkeit, das bedeutet, dass ihre Wirkstoffe vom K\u00f6rper aufgenommen werden k\u00f6nnen und unseren Stoffwechsel positiv beeinflussen. Die Natur sch\u00fctzt uns mit dem Besten, dass sie zu bieten hat!<\/p>\n<p>1000 ml<\/p>\n<p>Es handelt sich um ein Nahrungserg\u00e4nzungsmittel.<\/p>\n<p>[TAB:Verzehrempfehlung]<\/p>\n<p>1 x t\u00e4glich 30 ml m\u00f6glichst\u00a030 Minuten vor einer Mahlzeit einnehmen. Es handelt sich um ein Nahrungserg\u00e4nzungsmittel.<\/p>\n","protected":false},"excerpt":{"rendered":"<p>Vitality Darmelixier \/\/ 1000 ml<\/p>\n","protected":false},"featured_media":2086,"comment_status":"closed","ping_status":"closed","template":"","meta":[],"product_brand":[245],"product_cat":[34,99,115],"product_tag":[],"class_list":{"0":"post-3570","1":"product","2":"type-product","3":"status-publish","6":"product_brand-vitality","7":"product_cat-produkte","8":"product_cat-nahrungsergaenzungsmittel","9":"product_cat-vitality","11":"first","12":"instock","13":"taxable","14":"shipping-taxable","15":"purchasable","16":"product-type-simple"},"_links":{"self":[{"href":"https:\/\/www.hautquartier.com\/wp-json\/wp\/v2\/product\/3570","targetHints":{"allow":["GET"]}}],"collection":[{"href":"https:\/\/www.hautquartier.com\/wp-json\/wp\/v2\/product"}],"about":[{"href":"https:\/\/www.hautquartier.com\/wp-json\/wp\/v2\/types\/product"}],"replies":[{"embeddable":true,"href":"https:\/\/www.hautquartier.com\/wp-json\/wp\/v2\/comments?post=3570"}],"wp:featuredmedia":[{"embeddable":true,"href":"https:\/\/www.hautquartier.com\/wp-json\/wp\/v2\/media\/2086"}],"wp:attachment":[{"href":"https:\/\/www.hautquartier.com\/wp-json\/wp\/v2\/media?parent=3570"}],"wp:term":[{"taxonomy":"product_brand","embeddable":true,"href":"https:\/\/www.hautquartier.com\/wp-json\/wp\/v2\/product_brand?post=3570"},{"taxonomy":"product_cat","embeddable":true,"href":"https:\/\/www.hautquartier.com\/wp-json\/wp\/v2\/product_cat?post=3570"},{"taxonomy":"product_tag","embeddable":true,"href":"https:\/\/www.hautquartier.com\/wp-json\/wp\/v2\/product_tag?post=3570"}],"curies":[{"name":"wp","href":"https:\/\/api.w.org\/{rel}","templated":true}]}}