{"id":3647,"date":"2024-02-23T17:37:31","date_gmt":"2024-02-23T17:37:31","guid":{"rendered":"https:\/\/kind-johnson.89-22-123-15.plesk.page\/index.php\/produkt\/reinigungsemulsion-extra-mild-parfuemfrei-airless-200ml-phase-1\/"},"modified":"2026-04-02T12:35:03","modified_gmt":"2026-04-02T11:35:03","slug":"reinigungsemulsion-extra-mild-parfuemfrei-airless-200ml-phase-1","status":"publish","type":"product","link":"https:\/\/www.hautquartier.com\/produkt\/reinigungsemulsion-extra-mild-parfuemfrei-airless-200ml-phase-1\/","title":{"rendered":"reinigungsemulsion extra mild parf\u00fcmfrei airless \/\/ 200 ml"},"content":{"rendered":"<h3><strong>ZUSAMMENSETZUNG<\/strong>:<\/h3>\n<p>Wasser in \u00d6l Emulsion.<\/p>\n<h3><strong>ANWENDUNGSGEBIETE<\/strong>:<\/h3>\n<p>Bei d\u00fcnner, trockener und sensibler Haut sowie zur Einleitung der Therapie bei defekter Hornschicht.<\/p>\n<p>[TAB:WIRKUNGSWEISE]<\/p>\n<p>phase 1 reinigungsemulsion extra mild bindet Staub und Schmutzpartikel und macht diese wasserl\u00f6slich. Die Emulsion reinigt besonders schonend und ohne die nat\u00fcrlichen Schutzmechanismen der Haut zu st\u00f6ren. Gleichzeitig wird der nat\u00fcrliche pH-Wert der Hautoberfl\u00e4che mit Hilfe der L+ Milchs\u00e4ure (wieder) hergestellt.<\/p>\n<p>[TAB:Anwendung]<\/p>\n<p>phase 1 reinigungsemulsion extra mild wird auf die nasse Haut aufgetragen und nach kurzem Einwirken mit viel Wasser abgewaschen. Die kosmetisch unliebsamen Folgen kalkhaltigen Wassers werden durch die Wirkung der L+ Milchs\u00e4ure verhindert. Um die Wirkung der phase 1 reinigungsemulsion extra mild nicht zu st\u00f6ren, sollte eine Nachbehandlung mit Gesichtswasser nicht erfolgen.<\/p>\n<p>\u00a0<\/p>\n","protected":false},"excerpt":{"rendered":"<p>reinigungsemulsion extra mild\u00a0parf\u00fcmfrei airless 200ml Phase 1<\/p>\n","protected":false},"featured_media":1682,"comment_status":"closed","ping_status":"closed","template":"","meta":[],"product_brand":[],"product_cat":[152],"product_tag":[],"class_list":{"0":"post-3647","1":"product","2":"type-product","3":"status-publish","6":"product_cat-naturescience","8":"first","9":"outofstock","10":"taxable","11":"shipping-taxable","12":"product-type-simple"},"_links":{"self":[{"href":"https:\/\/www.hautquartier.com\/wp-json\/wp\/v2\/product\/3647","targetHints":{"allow":["GET"]}}],"collection":[{"href":"https:\/\/www.hautquartier.com\/wp-json\/wp\/v2\/product"}],"about":[{"href":"https:\/\/www.hautquartier.com\/wp-json\/wp\/v2\/types\/product"}],"replies":[{"embeddable":true,"href":"https:\/\/www.hautquartier.com\/wp-json\/wp\/v2\/comments?post=3647"}],"wp:featuredmedia":[{"embeddable":true,"href":"https:\/\/www.hautquartier.com\/wp-json\/wp\/v2\/media\/1682"}],"wp:attachment":[{"href":"https:\/\/www.hautquartier.com\/wp-json\/wp\/v2\/media?parent=3647"}],"wp:term":[{"taxonomy":"product_brand","embeddable":true,"href":"https:\/\/www.hautquartier.com\/wp-json\/wp\/v2\/product_brand?post=3647"},{"taxonomy":"product_cat","embeddable":true,"href":"https:\/\/www.hautquartier.com\/wp-json\/wp\/v2\/product_cat?post=3647"},{"taxonomy":"product_tag","embeddable":true,"href":"https:\/\/www.hautquartier.com\/wp-json\/wp\/v2\/product_tag?post=3647"}],"curies":[{"name":"wp","href":"https:\/\/api.w.org\/{rel}","templated":true}]}}