{"id":3654,"date":"2024-02-23T17:37:39","date_gmt":"2024-02-23T17:37:39","guid":{"rendered":"https:\/\/kind-johnson.89-22-123-15.plesk.page\/index.php\/produkt\/intervall-avocadooel-parfuemfrei-mini-tiegel-15ml\/"},"modified":"2026-03-24T18:35:04","modified_gmt":"2026-03-24T17:35:04","slug":"intervall-parfuemfrei-avocadooel-tiegel-15ml","status":"publish","type":"product","link":"https:\/\/www.hautquartier.com\/produkt\/intervall-parfuemfrei-avocadooel-tiegel-15ml\/","title":{"rendered":"intervall parf\u00fcmfrei Avocado\u00f6l Tiegel \/\/ 15ml"},"content":{"rendered":"<h3>ZUSAMMENSETZUNG:<\/h3>\n<p>Wasser in \u00d6l Emulsion mit Avocado\u00f6l, Squalan, hautidentischer gro\u00dfmolekularer Hyalurons\u00e4ure und einem feuchtigkeitsregulierenden Mineralienkomplex.<\/p>\n<h3>ANWENDUNGSGEBIETE:<\/h3>\n<p>Bei d\u00fcnner, trockener und sensibler Haut, bei St\u00f6rungen im Wasserhaushalt der Haut, sowie zur Intervalltherapie mit phase 2 aktive regeneration.<\/p>\n<p>[TAB:Anwendung]<\/p>\n<p>Menge, Einwirkungszeit und H\u00e4ufigkeit der Anwendung ist nach dem individuellen und aktuellen Hautzustand festzulegen.<\/p>\n<p>[TAB:WIRKUNGSWEISE]<br \/>\nphase 2 intervall bindet \u00fcber l\u00e4ngere Zeit Fett und Feuchtigkeit in den \u00e4u\u00dferen Hautschichten. Die Wiederherstellung des Gleichgewichtes im Wasserhaushalt der Haut wird mit Hilfe des Mineralstoffkomplexes und Hyalurons\u00e4ure unterst\u00fctzt. Besonders effektiv ist phase 2 intervall auch bei Verhornungsst\u00f6rungen und \u00dcberverhornung.<\/p>\n","protected":false},"excerpt":{"rendered":"<p>intervall Avocado\u00f6l Parf\u00fcmfrei mini Tiegel &#8211; 15ml<\/p>\n","protected":false},"featured_media":2940,"comment_status":"closed","ping_status":"closed","template":"","meta":[],"product_brand":[],"product_cat":[152],"product_tag":[],"class_list":{"0":"post-3654","1":"product","2":"type-product","3":"status-publish","6":"product_cat-naturescience","8":"first","9":"instock","10":"taxable","11":"shipping-taxable","12":"product-type-simple"},"_links":{"self":[{"href":"https:\/\/www.hautquartier.com\/wp-json\/wp\/v2\/product\/3654","targetHints":{"allow":["GET"]}}],"collection":[{"href":"https:\/\/www.hautquartier.com\/wp-json\/wp\/v2\/product"}],"about":[{"href":"https:\/\/www.hautquartier.com\/wp-json\/wp\/v2\/types\/product"}],"replies":[{"embeddable":true,"href":"https:\/\/www.hautquartier.com\/wp-json\/wp\/v2\/comments?post=3654"}],"wp:featuredmedia":[{"embeddable":true,"href":"https:\/\/www.hautquartier.com\/wp-json\/wp\/v2\/media\/2940"}],"wp:attachment":[{"href":"https:\/\/www.hautquartier.com\/wp-json\/wp\/v2\/media?parent=3654"}],"wp:term":[{"taxonomy":"product_brand","embeddable":true,"href":"https:\/\/www.hautquartier.com\/wp-json\/wp\/v2\/product_brand?post=3654"},{"taxonomy":"product_cat","embeddable":true,"href":"https:\/\/www.hautquartier.com\/wp-json\/wp\/v2\/product_cat?post=3654"},{"taxonomy":"product_tag","embeddable":true,"href":"https:\/\/www.hautquartier.com\/wp-json\/wp\/v2\/product_tag?post=3654"}],"curies":[{"name":"wp","href":"https:\/\/api.w.org\/{rel}","templated":true}]}}