{"id":3693,"date":"2024-02-23T18:38:03","date_gmt":"2024-02-23T17:38:03","guid":{"rendered":"https:\/\/kind-johnson.89-22-123-15.plesk.page\/index.php\/produkt\/ante-mini-airless-parfuemfrei-15ml\/"},"modified":"2026-03-24T18:35:03","modified_gmt":"2026-03-24T17:35:03","slug":"ante-mini-airless-parfuemfrei-15ml","status":"publish","type":"product","link":"https:\/\/www.hautquartier.com\/produkt\/ante-mini-airless-parfuemfrei-15ml\/","title":{"rendered":"ante mini airless parf\u00fcmfrei 15 ml"},"content":{"rendered":"<h3>ZUSAMMENSETZUNG:<\/h3>\n<p>Invers Emulsion, Zelloxan.<\/p>\n<h3>ANWENDUNGSGEBIETE:<\/h3>\n<p>In allen F\u00e4llen von akutem oder zu erwartendem Hautstress sowie bei einem Mangel an Mikron\u00e4hrstoffen in der Haut.<br \/>\nEine erh\u00f6hte Zufuhr an Mikron\u00e4hrstoffen ben\u00f6tigt die Haut besonders f\u00fcr die Reparatur gesch\u00e4digten Gewebes. Ein akuter Bedarf an Mikron\u00e4hrstoff entsteht daher h\u00e4ufig nach zu starker UV-Bestrahlung sowie bei Verletzungen oder Entz\u00fcndungen der Haut.<br \/>\nIn allen Stresssituationen wie \u00c4rger, Angst oder bei erh\u00f6hter k\u00f6rperlicher und geistiger Belastung verwendet der K\u00f6rper die zur Verf\u00fcgung stehenden N\u00e4hrstoffe prim\u00e4r zur Versorgung des Gehirns und der Muskulatur, in diesen Situationen kann es zu einem kurzfristigen N\u00e4hrstoffmangel in der Haut kommen. Aber auch beim normalen Alterungsprozess k\u00f6nnen bestimmte Faktoren wie die Verringerung der Gef\u00e4\u00dfdurchl\u00e4ssigkeit zu einer N\u00e4hrstoffunterversorgung der Haut f\u00fchren. Als Folge unzureichender N\u00e4hrstoffversorgung kann es zu Stoffwechselst\u00f6rungen und in deren Folge zu Gewebesch\u00e4den in der Haut kommen. Bekannt sind die Folgen mangelnder N\u00e4hrstoffversorgung der Haut durch das Rauchen.<\/p>\n<p>Anwendung: ante sollte \u00fcber l\u00e4ngere Zeit regelm\u00e4\u00dfig oder in Form einer Kur angewendet werden. Quantit\u00e4t und Dauer der Anwendung sollte nach dem individuellen und aktuellen Zustand der Haut von der Kosmetikerin festgelegt werden.<\/p>\n<p>Wirkungsweise: ante begegnet den Folgeerscheinungen eines Mangels an Mirkron\u00e4hrstoffen durch die hochkonzentrierte Zufuhr von Mikron\u00e4hrstoffen. Bei regelm\u00e4\u00dfiger Anwendung wird der Zellstoffwechsel verbessert und Gewebesch\u00e4digungen vorgebeugt.<\/p>\n","protected":false},"excerpt":{"rendered":"<p>ante mini airless parf\u00fcmfrei 15 ml<\/p>\n","protected":false},"featured_media":1264,"comment_status":"closed","ping_status":"closed","template":"","meta":[],"product_brand":[],"product_cat":[152],"product_tag":[],"class_list":{"0":"post-3693","1":"product","2":"type-product","3":"status-publish","6":"product_cat-naturescience","8":"first","9":"instock","10":"taxable","11":"shipping-taxable","12":"product-type-simple"},"_links":{"self":[{"href":"https:\/\/www.hautquartier.com\/wp-json\/wp\/v2\/product\/3693","targetHints":{"allow":["GET"]}}],"collection":[{"href":"https:\/\/www.hautquartier.com\/wp-json\/wp\/v2\/product"}],"about":[{"href":"https:\/\/www.hautquartier.com\/wp-json\/wp\/v2\/types\/product"}],"replies":[{"embeddable":true,"href":"https:\/\/www.hautquartier.com\/wp-json\/wp\/v2\/comments?post=3693"}],"wp:featuredmedia":[{"embeddable":true,"href":"https:\/\/www.hautquartier.com\/wp-json\/wp\/v2\/media\/1264"}],"wp:attachment":[{"href":"https:\/\/www.hautquartier.com\/wp-json\/wp\/v2\/media?parent=3693"}],"wp:term":[{"taxonomy":"product_brand","embeddable":true,"href":"https:\/\/www.hautquartier.com\/wp-json\/wp\/v2\/product_brand?post=3693"},{"taxonomy":"product_cat","embeddable":true,"href":"https:\/\/www.hautquartier.com\/wp-json\/wp\/v2\/product_cat?post=3693"},{"taxonomy":"product_tag","embeddable":true,"href":"https:\/\/www.hautquartier.com\/wp-json\/wp\/v2\/product_tag?post=3693"}],"curies":[{"name":"wp","href":"https:\/\/api.w.org\/{rel}","templated":true}]}}