{"id":3716,"date":"2024-02-23T17:38:17","date_gmt":"2024-02-23T17:38:17","guid":{"rendered":"https:\/\/kind-johnson.89-22-123-15.plesk.page\/index.php\/produkt\/reinigungsemulsion-airless-200ml-phase-1\/"},"modified":"2026-02-19T16:35:42","modified_gmt":"2026-02-19T15:35:42","slug":"reinigungsemulsion-airless-200ml-phase-1","status":"publish","type":"product","link":"https:\/\/www.hautquartier.com\/produkt\/reinigungsemulsion-airless-200ml-phase-1\/","title":{"rendered":"reinigungsemulsion airless 200ml \/\/ Phase 1"},"content":{"rendered":"<h3><strong>ZUSAMMENSETZUNG:<\/strong><\/h3>\n<p>\u00d6l in Wasser Emulsion, L(+)Milchs\u00e4ure<br \/>\u00a0<\/p>\n<h3><strong>ANWENDUNGSGEBIETE:<\/strong><\/h3>\n<p>Bei normaler und dicker Haut, oder wenn es zu Beginn oder im Verlauf einer Akne zu einer verst\u00e4rkten Verhornung der Haut besonders im Follikelausgang kommt.<\/p>\n<p>[TAB:WIRKUNGSWEISE]phase 1 reinigungsemulsion imitiert und unterst\u00fctzt die nat\u00fcrlichen Reinigungs- und Absto\u00dfungsmechanismen der Haut. Die Schutz- und Abwehrfunktionen der Haut werden nicht gest\u00f6rt.<br \/>Die Emulsion nimmt fett- wie wasserl\u00f6sliche Staub- und Schmutzpartikel auf und l\u00e4\u00dft sich mit Wasser leicht abwaschen. L(+)Milchs\u00e4ure in physiologischer Konzentration erleichtert die Abl\u00f6sung der Hornsch\u00fcppchen. L(+)Milchs\u00e4ure unterst\u00fctzt die hauteigene Bakterienflora und bildet so eine wirksame Blockade gegen Fremdkeime.[TAB:Anwendung]<\/p>\n<p>Die Intensit\u00e4t der Wirkung des Produkts wird von der aufgetragenen Menge, der Einwirkungsdauer und der H\u00e4ufigkeit der Anwendung bestimmt.<br \/>phase 1 reinigungsemulsion wird auf die nasse Haut aufgetragen und mit viel Wasser abgewaschen. Die kosmetisch unliebsamen Folgen kalkhaltigen Wassers werden durch die Wirkung der L(+)Milchs\u00e4ure verhindert. Um die Wirkung des Produkts nicht zu st\u00f6ren, sollte eine Nachbehandlung mit Gesichtswasser nicht erfolgen.<\/p>\n<p>\u00a0<\/p>\n<p>\u00a0<\/p>\n","protected":false},"excerpt":{"rendered":"<p>reinigungsemulsion airless 200ml Phase 1<\/p>\n","protected":false},"featured_media":1638,"comment_status":"closed","ping_status":"closed","template":"","meta":[],"product_brand":[],"product_cat":[152],"product_tag":[],"class_list":{"0":"post-3716","1":"product","2":"type-product","3":"status-publish","6":"product_cat-naturescience","8":"first","9":"outofstock","10":"taxable","11":"shipping-taxable","12":"product-type-simple"},"_links":{"self":[{"href":"https:\/\/www.hautquartier.com\/wp-json\/wp\/v2\/product\/3716","targetHints":{"allow":["GET"]}}],"collection":[{"href":"https:\/\/www.hautquartier.com\/wp-json\/wp\/v2\/product"}],"about":[{"href":"https:\/\/www.hautquartier.com\/wp-json\/wp\/v2\/types\/product"}],"replies":[{"embeddable":true,"href":"https:\/\/www.hautquartier.com\/wp-json\/wp\/v2\/comments?post=3716"}],"wp:featuredmedia":[{"embeddable":true,"href":"https:\/\/www.hautquartier.com\/wp-json\/wp\/v2\/media\/1638"}],"wp:attachment":[{"href":"https:\/\/www.hautquartier.com\/wp-json\/wp\/v2\/media?parent=3716"}],"wp:term":[{"taxonomy":"product_brand","embeddable":true,"href":"https:\/\/www.hautquartier.com\/wp-json\/wp\/v2\/product_brand?post=3716"},{"taxonomy":"product_cat","embeddable":true,"href":"https:\/\/www.hautquartier.com\/wp-json\/wp\/v2\/product_cat?post=3716"},{"taxonomy":"product_tag","embeddable":true,"href":"https:\/\/www.hautquartier.com\/wp-json\/wp\/v2\/product_tag?post=3716"}],"curies":[{"name":"wp","href":"https:\/\/api.w.org\/{rel}","templated":true}]}}