{"id":4246,"date":"2025-06-20T15:25:29","date_gmt":"2025-06-20T14:25:29","guid":{"rendered":"https:\/\/www.hautquartier.com\/produkt\/refill-eyeshadow-75-poetry-vegan\/"},"modified":"2026-02-18T17:07:48","modified_gmt":"2026-02-18T16:07:48","slug":"refill-eyeshadow-75-poetry-vegan","status":"publish","type":"product","link":"https:\/\/www.hautquartier.com\/produkt\/refill-eyeshadow-75-poetry-vegan\/","title":{"rendered":"Refill Eyeshadow 75 Poetry &#8211; vegan"},"content":{"rendered":"<p style=\"margin: 0cm; font-size: medium; font-family: Calibri, sans-serif;\"><span style=\"font-size: 10.5pt; font-family: Helvetica; color: #333333; letter-spacing: 0.1pt;\">Mineral Make-Up 100% nat\u00fcrliche Bestandteile Zertifiziertes Naturprodukt Keine Tierversuche Vegan zertifiziert Hoch pigmentierter mineralischer Lidschatten f\u00fcr einen lang anhaltenden Look. Beschreibung: Pflegende Formulierung, mit einem reichen Mineralanteil, der eine intensive Pigmentierung und lange Haltbarkeit garantiert. Seidige Textur, die sich sehr gut ausblenden und mit anderen Farben mischen l\u00e4sst. \u2022 Reich an nat\u00fcrlichem Vitamin E, Shea-Butter sowie Avocado-\u00d6l, die den Augenbereich hervorragend pflegen, gut f\u00fcr sensitive Haut geeignet. S\u00e4mtliche Lidschatten k\u00f6nnen variabel in die Bambusverpackung eingesetzt werden.<\/span><\/p>\n","protected":false},"excerpt":{"rendered":"<p>Refill Eyeshadow 75 Poetry &#8211; vegan<\/p>\n","protected":false},"featured_media":4728,"comment_status":"open","ping_status":"closed","template":"","meta":[],"product_brand":[251],"product_cat":[35,151],"product_tag":[],"class_list":{"0":"post-4246","1":"product","2":"type-product","3":"status-publish","6":"product_brand-baims","7":"product_cat-make-up","8":"product_cat-dekorative","10":"first","11":"instock","12":"taxable","13":"shipping-taxable","14":"purchasable","15":"product-type-simple"},"_links":{"self":[{"href":"https:\/\/www.hautquartier.com\/wp-json\/wp\/v2\/product\/4246","targetHints":{"allow":["GET"]}}],"collection":[{"href":"https:\/\/www.hautquartier.com\/wp-json\/wp\/v2\/product"}],"about":[{"href":"https:\/\/www.hautquartier.com\/wp-json\/wp\/v2\/types\/product"}],"replies":[{"embeddable":true,"href":"https:\/\/www.hautquartier.com\/wp-json\/wp\/v2\/comments?post=4246"}],"wp:featuredmedia":[{"embeddable":true,"href":"https:\/\/www.hautquartier.com\/wp-json\/wp\/v2\/media\/4728"}],"wp:attachment":[{"href":"https:\/\/www.hautquartier.com\/wp-json\/wp\/v2\/media?parent=4246"}],"wp:term":[{"taxonomy":"product_brand","embeddable":true,"href":"https:\/\/www.hautquartier.com\/wp-json\/wp\/v2\/product_brand?post=4246"},{"taxonomy":"product_cat","embeddable":true,"href":"https:\/\/www.hautquartier.com\/wp-json\/wp\/v2\/product_cat?post=4246"},{"taxonomy":"product_tag","embeddable":true,"href":"https:\/\/www.hautquartier.com\/wp-json\/wp\/v2\/product_tag?post=4246"}],"curies":[{"name":"wp","href":"https:\/\/api.w.org\/{rel}","templated":true}]}}